{"id":1609,"date":"2025-01-10T07:51:07","date_gmt":"2025-01-10T07:51:07","guid":{"rendered":"https:\/\/bitcoin-future.bid\/?page_id=1609"},"modified":"2025-12-15T12:29:13","modified_gmt":"2025-12-15T12:29:13","slug":"uber-uns","status":"publish","type":"page","link":"https:\/\/bitcoin-future.bid\/de\/about-us\/","title":{"rendered":"\u00dcber uns"},"content":{"rendered":"<div data-elementor-type=\"wp-page\" data-elementor-id=\"1609\" class=\"elementor elementor-1609\" data-elementor-post-type=\"page\">\n\t\t\t\t<div class=\"elementor-element elementor-element-356fda8 e-flex e-con-boxed e-con e-parent\" data-id=\"356fda8\" data-element_type=\"container\" data-e-type=\"container\" data-settings=\"{&quot;background_background&quot;:&quot;gradient&quot;}\">\n\t\t\t\t\t<div class=\"e-con-inner\">\n\t\t\t\t<div class=\"elementor-element elementor-element-ef3ac9c elementor-widget elementor-widget-heading\" data-id=\"ef3ac9c\" data-element_type=\"widget\" data-e-type=\"widget\" data-widget_type=\"heading.default\">\n\t\t\t\t\t<h1 class=\"elementor-heading-title elementor-size-default\">\u00dcber uns<\/h1>\t\t\t\t<\/div>\n\t\t\t\t\t<\/div>\n\t\t\t\t<\/div>\n\t\t<div class=\"elementor-element elementor-element-3e909fe e-flex e-con-boxed e-con e-parent\" data-id=\"3e909fe\" data-element_type=\"container\" data-e-type=\"container\" data-settings=\"{&quot;background_background&quot;:&quot;classic&quot;}\">\n\t\t\t\t\t<div class=\"e-con-inner\">\n\t\t\t\t<div class=\"elementor-element elementor-element-1fe5926 elementor-widget elementor-widget-text-editor\" data-id=\"1fe5926\" data-element_type=\"widget\" data-e-type=\"widget\" data-widget_type=\"text-editor.default\">\n\t\t\t\t\t\t\t\t\t<p>Bei Bitcoin Future bieten wir eine sichere, transparente und benutzerfreundliche Plattform, die auf die Welt der Kryptow\u00e4hrungsinvestitionen zugeschnitten ist. Mit der modernen Technologie, einem engagierten Support-Team und der Verpflichtung, die besten Handelserfahrungen zu erzielen, bef\u00e4higen wir sowohl Anf\u00e4nger als auch erfahrene Investoren, ihre finanziellen Ziele zu erreichen. Vertrauen Sie in unser Fachwissen und schlie\u00dfen Sie sich einer Community an, die sich darauf konzentriert, die Chancen in der sich st\u00e4ndig weiterentwickelnden Krypto zu maximieren<\/p>\t\t\t\t\t\t\t\t<\/div>\n\t\t<div class=\"elementor-element elementor-element-a5a35a2 e-con-full e-flex e-con e-child\" data-id=\"a5a35a2\" data-element_type=\"container\" data-e-type=\"container\">\n\t\t<div class=\"elementor-element elementor-element-1072e72 e-con-full e-flex e-con e-child\" data-id=\"1072e72\" data-element_type=\"container\" data-e-type=\"container\" data-settings=\"{&quot;background_background&quot;:&quot;classic&quot;}\">\n\t\t\t\t<div class=\"elementor-element elementor-element-4aa16dd elementor-widget elementor-widget-image\" data-id=\"4aa16dd\" data-element_type=\"widget\" data-e-type=\"widget\" data-widget_type=\"image.default\">\n\t\t\t\t\t\t\t\t\t\t\t\t\t\t\t<img fetchpriority=\"high\" decoding=\"async\" width=\"512\" height=\"512\" src=\"https:\/\/bitcoin-future.bid\/wp-content\/uploads\/2025\/01\/mission.webp\" class=\"attachment-large size-large wp-image-1794\" alt=\"Mission\" srcset=\"https:\/\/bitcoin-future.bid\/wp-content\/uploads\/2025\/01\/mission.webp 512w, https:\/\/bitcoin-future.bid\/wp-content\/uploads\/2025\/01\/mission-300x300.webp 300w, https:\/\/bitcoin-future.bid\/wp-content\/uploads\/2025\/01\/mission-150x150.webp 150w\" sizes=\"(max-width: 512px) 100vw, 512px\" \/>\t\t\t\t\t\t\t\t\t\t\t\t\t\t\t<\/div>\n\t\t\t\t<div class=\"elementor-element elementor-element-dce07fb elementor-widget elementor-widget-heading\" data-id=\"dce07fb\" data-element_type=\"widget\" data-e-type=\"widget\" data-widget_type=\"heading.default\">\n\t\t\t\t\t<h2 class=\"elementor-heading-title elementor-size-default\">Unsere Mission<\/h2>\t\t\t\t<\/div>\n\t\t\t\t<div class=\"elementor-element elementor-element-d6109e4 elementor-widget elementor-widget-text-editor\" data-id=\"d6109e4\" data-element_type=\"widget\" data-e-type=\"widget\" data-widget_type=\"text-editor.default\">\n\t\t\t\t\t\t\t\t\t<p>Unsere Mission ist es, den Kryptow\u00e4hrungshandel zu demokratisieren, indem er es f\u00fcr alle zug\u00e4nglich macht, unabh\u00e4ngig von ihrem Erfahrungsniveau. Wir bem\u00fchen uns, eine zuverl\u00e4ssige Plattform zu erstellen, auf der Benutzer zuversichtlich investieren k\u00f6nnen, da sie wissen, dass sie durch fortschrittliche Tools und Expertenanleitungen unterst\u00fctzt werden. Bei Bitcoin Future wollen wir die finanzielle Freiheit durch innovative Technologie und unersch\u00fctterliche Transparenz f\u00f6rdern<\/p>\t\t\t\t\t\t\t\t<\/div>\n\t\t\t\t<\/div>\n\t\t<div class=\"elementor-element elementor-element-81aa27a e-con-full e-flex e-con e-child\" data-id=\"81aa27a\" data-element_type=\"container\" data-e-type=\"container\" data-settings=\"{&quot;background_background&quot;:&quot;classic&quot;}\">\n\t\t\t\t<div class=\"elementor-element elementor-element-59669ec elementor-widget elementor-widget-image\" data-id=\"59669ec\" data-element_type=\"widget\" data-e-type=\"widget\" data-widget_type=\"image.default\">\n\t\t\t\t\t\t\t\t\t\t\t\t\t\t\t<img decoding=\"async\" width=\"512\" height=\"512\" src=\"https:\/\/bitcoin-future.bid\/wp-content\/uploads\/2025\/01\/vision-2.webp\" class=\"attachment-large size-large wp-image-1795\" alt=\"vision\" srcset=\"https:\/\/bitcoin-future.bid\/wp-content\/uploads\/2025\/01\/vision-2.webp 512w, https:\/\/bitcoin-future.bid\/wp-content\/uploads\/2025\/01\/vision-2-300x300.webp 300w, https:\/\/bitcoin-future.bid\/wp-content\/uploads\/2025\/01\/vision-2-150x150.webp 150w\" sizes=\"(max-width: 512px) 100vw, 512px\" \/>\t\t\t\t\t\t\t\t\t\t\t\t\t\t\t<\/div>\n\t\t\t\t<div class=\"elementor-element elementor-element-9461829 elementor-widget elementor-widget-heading\" data-id=\"9461829\" data-element_type=\"widget\" data-e-type=\"widget\" data-widget_type=\"heading.default\">\n\t\t\t\t\t<h2 class=\"elementor-heading-title elementor-size-default\">Unsere Vision<\/h2>\t\t\t\t<\/div>\n\t\t\t\t<div class=\"elementor-element elementor-element-f5e7587 elementor-widget elementor-widget-text-editor\" data-id=\"f5e7587\" data-element_type=\"widget\" data-e-type=\"widget\" data-widget_type=\"text-editor.default\">\n\t\t\t\t\t\t\t\t\t<p>Wir stellen uns eine Zukunft vor, in der die Kryptow\u00e4hrung an der Spitze der globalen Finanzsysteme steht und die L\u00fccke zwischen traditionellen Investitionen und digitalen Verm\u00f6genswerten \u00fcberbr\u00fcckt. Unser Ziel ist es, die Anklage in dieser Transformation zu leiten, indem sie sich kontinuierlich weiterentwickeln und an Markttrends anpasst, um sicherzustellen, dass unsere Benutzer in dieser dynamischen Landschaft weiterhin voranschreiten.<\/p>\t\t\t\t\t\t\t\t<\/div>\n\t\t\t\t<\/div>\n\t\t\t\t<\/div>\n\t\t<div class=\"elementor-element elementor-element-9268b6c e-con-full e-flex e-con e-child\" data-id=\"9268b6c\" data-element_type=\"container\" data-e-type=\"container\">\n\t\t<div class=\"elementor-element elementor-element-0ed649c e-con-full e-flex e-con e-child\" data-id=\"0ed649c\" data-element_type=\"container\" data-e-type=\"container\">\n\t\t\t\t<div class=\"elementor-element elementor-element-b5f7e7a elementor-widget-mobile__width-initial elementor-widget elementor-widget-image\" data-id=\"b5f7e7a\" data-element_type=\"widget\" data-e-type=\"widget\" data-widget_type=\"image.default\">\n\t\t\t\t\t\t\t\t\t\t\t\t\t\t\t<img decoding=\"async\" width=\"740\" height=\"493\" src=\"https:\/\/bitcoin-future.bid\/wp-content\/uploads\/2025\/01\/support-team.webp\" class=\"attachment-full size-full wp-image-1797\" alt=\"\" srcset=\"https:\/\/bitcoin-future.bid\/wp-content\/uploads\/2025\/01\/support-team.webp 740w, https:\/\/bitcoin-future.bid\/wp-content\/uploads\/2025\/01\/support-team-300x200.webp 300w\" sizes=\"(max-width: 740px) 100vw, 740px\" \/>\t\t\t\t\t\t\t\t\t\t\t\t\t\t\t<\/div>\n\t\t\t\t<\/div>\n\t\t<div class=\"elementor-element elementor-element-d02552f e-con-full e-flex e-con e-child\" data-id=\"d02552f\" data-element_type=\"container\" data-e-type=\"container\">\n\t\t\t\t<div class=\"elementor-element elementor-element-877e4b8 elementor-widget elementor-widget-heading\" data-id=\"877e4b8\" data-element_type=\"widget\" data-e-type=\"widget\" data-widget_type=\"heading.default\">\n\t\t\t\t\t<h2 class=\"elementor-heading-title elementor-size-default\">Engagiertes Support -Team<\/h2>\t\t\t\t<\/div>\n\t\t\t\t<div class=\"elementor-element elementor-element-6cd03c7 elementor-widget elementor-widget-text-editor\" data-id=\"6cd03c7\" data-element_type=\"widget\" data-e-type=\"widget\" data-widget_type=\"text-editor.default\">\n\t\t\t\t\t\t\t\t\t<p>Der au\u00dfergew\u00f6hnliche Kundenservice ist der Kern unserer Mission, ein nahtloses Handelserlebnis zu bieten. Unser engagiertes Support -Team ist rund um die Uhr verf\u00fcgbar, um personalisierte Unterst\u00fctzung zu leisten, unabh\u00e4ngig davon, ob Sie technische Fragen haben oder Handelsberatung ben\u00f6tigen. Mit schnellen Antwortzeiten und Supportoptionen f\u00fcr Mehrkanal, einschlie\u00dflich Live-Chat, E-Mail und Telefon, sind wir hier, um Ihre Anforderungen effizient zu befriedigen. Dar\u00fcber hinaus bieten wir p\u00e4dagogische Anleitungen, um die Komplexit\u00e4t des Kryptow\u00e4hrungshandels zu navigieren und sicherzustellen, dass Sie immer informiert und selbstbewusst sind. Bei Bitcoin Future sind wir bestrebt, Sie bei jedem Schritt Ihrer Handelsreise zu unterst\u00fctzen.<\/p>\t\t\t\t\t\t\t\t<\/div>\n\t\t\t\t<\/div>\n\t\t\t\t<\/div>\n\t\t\t\t\t<\/div>\n\t\t\t\t<\/div>\n\t\t\t\t<\/div>","protected":false},"excerpt":{"rendered":"<p>About Us At Bitcoin Future, we provide a secure, transparent, and user-friendly platform tailored to help you navigate the world of cryptocurrency investments. With cutting-edge technology, a dedicated support team, and a commitment to delivering the best trading experience, we empower both beginners and seasoned investors to achieve their financial goals. Trust in our expertise [&hellip;]<\/p>\n","protected":false},"author":1,"featured_media":0,"parent":0,"menu_order":0,"comment_status":"closed","ping_status":"closed","template":"","meta":{"footnotes":""},"class_list":["post-1609","page","type-page","status-publish","hentry"],"_links":{"self":[{"href":"https:\/\/bitcoin-future.bid\/de\/wp-json\/wp\/v2\/pages\/1609","targetHints":{"allow":["GET"]}}],"collection":[{"href":"https:\/\/bitcoin-future.bid\/de\/wp-json\/wp\/v2\/pages"}],"about":[{"href":"https:\/\/bitcoin-future.bid\/de\/wp-json\/wp\/v2\/types\/page"}],"author":[{"embeddable":true,"href":"https:\/\/bitcoin-future.bid\/de\/wp-json\/wp\/v2\/users\/1"}],"replies":[{"embeddable":true,"href":"https:\/\/bitcoin-future.bid\/de\/wp-json\/wp\/v2\/comments?post=1609"}],"version-history":[{"count":0,"href":"https:\/\/bitcoin-future.bid\/de\/wp-json\/wp\/v2\/pages\/1609\/revisions"}],"wp:attachment":[{"href":"https:\/\/bitcoin-future.bid\/de\/wp-json\/wp\/v2\/media?parent=1609"}],"curies":[{"name":"wp","href":"https:\/\/api.w.org\/{rel}","templated":true}]}}