{"id":48,"date":"2023-10-04T12:00:54","date_gmt":"2023-10-04T12:00:54","guid":{"rendered":"https:\/\/bitcoin-future.bid\/?page_id=48"},"modified":"2025-12-15T11:26:44","modified_gmt":"2025-12-15T11:26:44","slug":"datenschutzrichtlinie","status":"publish","type":"page","link":"https:\/\/bitcoin-future.bid\/de\/privacy-policy\/","title":{"rendered":"Datenschutzrichtlinie"},"content":{"rendered":"<div data-elementor-type=\"wp-page\" data-elementor-id=\"48\" class=\"elementor elementor-48\" data-elementor-post-type=\"page\">\n\t\t\t\t<div class=\"elementor-element elementor-element-173d7a6 e-con-full e-flex e-con e-child\" data-id=\"173d7a6\" data-element_type=\"container\" data-e-type=\"container\" data-settings=\"{&quot;background_background&quot;:&quot;classic&quot;}\">\n\t\t<div class=\"elementor-element elementor-element-25cab43 e-flex e-con-boxed e-con e-child\" data-id=\"25cab43\" data-element_type=\"container\" data-e-type=\"container\">\n\t\t\t\t\t<div class=\"e-con-inner\">\n\t\t\t\t<div class=\"elementor-element elementor-element-42f9404 elementor-widget elementor-widget-heading\" data-id=\"42f9404\" data-element_type=\"widget\" data-e-type=\"widget\" data-widget_type=\"heading.default\">\n\t\t\t\t\t<h1 class=\"elementor-heading-title elementor-size-default\">DATENSCHUTZRICHTLINIE<\/h1>\t\t\t\t<\/div>\n\t\t\t\t<div class=\"elementor-element elementor-element-5ebdee1 elementor-widget elementor-widget-text-editor\" data-id=\"5ebdee1\" data-element_type=\"widget\" data-e-type=\"widget\" data-widget_type=\"text-editor.default\">\n\t\t\t\t\t\t\t\t\t<p><strong>Bitcoin Future<\/strong> betreibt die <a style=\"color: #addaff;\" href=\"https:\/\/bitcoin-future.bid\/de\/\">https:\/\/bitcoin-future.bid\/<\/a> Website, die den SERVICE bereitstellt.<\/p><p>Diese Seite dient dazu, Website-Besucher \u00fcber unsere Richtlinien zur Erhebung, Verwendung und Offenlegung personenbezogener Daten zu informieren, wenn sich jemand f\u00fcr die Nutzung unseres Dienstes entscheidet. <strong>Bitcoin Future<\/strong> Webseite.<\/p><p>Wenn Sie unseren Service nutzen m\u00f6chten, stimmen Sie der Sammlung und Verwendung von Informationen in Bezug auf diese Richtlinie zu. Die pers\u00f6nlichen Daten, die wir sammeln, werden zur Bereitstellung und Verbesserung des Dienstes verwendet. Wir werden Ihre Informationen nicht mit jemandem verwenden oder weitergeben, au\u00dfer wie in dieser Datenschutzrichtlinie beschrieben.<\/p><p>Die in dieser Datenschutzrichtlinie verwendeten Begriffe haben die gleiche Bedeutung wie in unseren Allgemeinen Gesch\u00e4ftsbedingungen, die unter folgender Adresse abrufbar sind: <a style=\"color: #addaff;\" href=\"https:\/\/bitcoin-future.bid\/de\/\">https:\/\/bitcoin-future.bid\/<\/a>, sofern in dieser Datenschutzrichtlinie nicht anders definiert.<\/p>\t\t\t\t\t\t\t\t<\/div>\n\t\t\t\t<div class=\"elementor-element elementor-element-91cbc51 elementor-widget elementor-widget-heading\" data-id=\"91cbc51\" data-element_type=\"widget\" data-e-type=\"widget\" data-widget_type=\"heading.default\">\n\t\t\t\t\t<h2 class=\"elementor-heading-title elementor-size-default\">Informationen, die wir sammeln\n<\/h2>\t\t\t\t<\/div>\n\t\t\t\t<div class=\"elementor-element elementor-element-5c1a0b2 elementor-widget elementor-widget-text-editor\" data-id=\"5c1a0b2\" data-element_type=\"widget\" data-e-type=\"widget\" data-widget_type=\"text-editor.default\">\n\t\t\t\t\t\t\t\t\t<p>Die pers\u00f6nlichen Daten, f\u00fcr die Sie gebeten werden, und die Gr\u00fcnde, warum Sie aufgefordert werden, diese zur Verf\u00fcgung zu stellen, werden Ihnen an der Stelle, an der wir Sie bitten, Ihre pers\u00f6nlichen Daten bereitzustellen, klar. Wenn Sie uns direkt kontaktieren, erhalten wir m\u00f6glicherweise zus\u00e4tzliche Informationen \u00fcber Sie, z. B. Ihren Namen, Ihre E -Mail -Adresse, die Telefonnummer, den Inhalt der Nachricht und\/oder die Anh\u00e4nge, die Sie uns senden k\u00f6nnen, sowie andere Informationen, die Sie m\u00f6glicherweise bereitstellen. Wenn Sie sich f\u00fcr ein Konto anmelden, k\u00f6nnen wir Ihre Kontaktinformationen bitten, einschlie\u00dflich Elemente wie Name, Firmenname, Adresse, E -Mail -Adresse und Telefonnummer.<\/p>\t\t\t\t\t\t\t\t<\/div>\n\t\t\t\t<div class=\"elementor-element elementor-element-39327be elementor-widget elementor-widget-heading\" data-id=\"39327be\" data-element_type=\"widget\" data-e-type=\"widget\" data-widget_type=\"heading.default\">\n\t\t\t\t\t<h2 class=\"elementor-heading-title elementor-size-default\">Informationssammlung und Verwendung<\/h2>\t\t\t\t<\/div>\n\t\t\t\t<div class=\"elementor-element elementor-element-1087cce elementor-widget elementor-widget-text-editor\" data-id=\"1087cce\" data-element_type=\"widget\" data-e-type=\"widget\" data-widget_type=\"text-editor.default\">\n\t\t\t\t\t\t\t\t\t<p>F\u00fcr eine bessere Erfahrung w\u00e4hrend der Nutzung unseres Dienstes m\u00fcssen Sie uns bestimmte pers\u00f6nlich identifizierbare Informationen zur Verf\u00fcgung stellen, einschlie\u00dflich, aber nicht beschr\u00e4nkt auf Ihren Namen, Ihre E -Mail, Ihre Telefonnummer und Ihre Postanschrift. Die Informationen, die wir sammeln, werden verwendet, um Sie zu kontaktieren oder zu identifizieren.<\/p>\t\t\t\t\t\t\t\t<\/div>\n\t\t\t\t<div class=\"elementor-element elementor-element-4edfb0c elementor-widget elementor-widget-heading\" data-id=\"4edfb0c\" data-element_type=\"widget\" data-e-type=\"widget\" data-widget_type=\"heading.default\">\n\t\t\t\t\t<h2 class=\"elementor-heading-title elementor-size-default\">Protokolldaten<\/h2>\t\t\t\t<\/div>\n\t\t\t\t<div class=\"elementor-element elementor-element-4b5c7e2 elementor-widget elementor-widget-text-editor\" data-id=\"4b5c7e2\" data-element_type=\"widget\" data-e-type=\"widget\" data-widget_type=\"text-editor.default\">\n\t\t\t\t\t\t\t\t\t<p>Wir m\u00f6chten Sie dar\u00fcber informieren, dass wir, wenn Sie unseren Service besuchen, Informationen sammeln, die Ihr Browser an uns sendet, die als Protokolldaten bezeichnet werden. Diese Protokolldaten k\u00f6nnen Informationen wie das Internet -Protokoll Ihres Computers (\u201eIP\u201c), die Browserversion, die Seiten unseres Dienstes, die Uhrzeit und das Datum Ihres Besuchs, die f\u00fcr diese Seiten aufgewendete Zeit und andere Statistiken enthalten.<\/p>\t\t\t\t\t\t\t\t<\/div>\n\t\t\t\t<div class=\"elementor-element elementor-element-1bbcd02 elementor-widget elementor-widget-heading\" data-id=\"1bbcd02\" data-element_type=\"widget\" data-e-type=\"widget\" data-widget_type=\"heading.default\">\n\t\t\t\t\t<h2 class=\"elementor-heading-title elementor-size-default\">Kekse<\/h2>\t\t\t\t<\/div>\n\t\t\t\t<div class=\"elementor-element elementor-element-6ee52a7 elementor-widget elementor-widget-text-editor\" data-id=\"6ee52a7\" data-element_type=\"widget\" data-e-type=\"widget\" data-widget_type=\"text-editor.default\">\n\t\t\t\t\t\t\t\t\t<p>Cookies sind Dateien mit geringer Datenmenge, die \u00fcblicherweise eine anonyme eindeutige Bezeichnung verwendet. Diese werden von der Website, die Sie besuchen und auf der Festplatte Ihres Computers gespeichert werden, an Ihren Browser gesendet.<\/p><p>Unsere Website verwendet diese \u201eCookies\u201c, um Informationen zu sammeln und unseren Service zu verbessern. Sie haben die M\u00f6glichkeit, diese Cookies entweder zu akzeptieren oder abzulehnen und zu erfahren, wann ein Cookie an Ihren Computer gesendet wird. Wenn Sie unsere Cookies ablehnen, k\u00f6nnen Sie nicht nutzen <strong>Bitcoin Future<\/strong> und Sie k\u00f6nnen m\u00f6glicherweise einige Teile unseres Dienstes nicht nutzen.<\/p>\t\t\t\t\t\t\t\t<\/div>\n\t\t\t\t<div class=\"elementor-element elementor-element-9dce85d elementor-widget elementor-widget-heading\" data-id=\"9dce85d\" data-element_type=\"widget\" data-e-type=\"widget\" data-widget_type=\"heading.default\">\n\t\t\t\t\t<h2 class=\"elementor-heading-title elementor-size-default\">Dienstleister<\/h2>\t\t\t\t<\/div>\n\t\t\t\t<div class=\"elementor-element elementor-element-bd67e69 elementor-widget elementor-widget-text-editor\" data-id=\"bd67e69\" data-element_type=\"widget\" data-e-type=\"widget\" data-widget_type=\"text-editor.default\">\n\t\t\t\t\t\t\t\t\t<p>Wir besch\u00e4ftigen Drittunternehmen aus folgenden Gr\u00fcnden:<\/p><ul><li>So erstellen Sie die Konten, die Sie verwenden m\u00f6chten mit <strong>Bitcoin Future<\/strong>;<\/li><li>Den Dienst in unserem Namen anzubieten;<\/li><li>Dienstleistungen im Zusammenhang mit Diensten durchf\u00fchren; oder<\/li><li>Um uns bei der Analyse zu unterst\u00fctzen, wie unser Service verwendet wird.<\/li><\/ul><p>Wir m\u00f6chten unseren Servicenutzern dar\u00fcber informieren, dass diese Dritten Zugriff auf Ihre pers\u00f6nlichen Daten haben. Der Grund ist, die ihnen in unserem Namen zugewiesenen Aufgaben auszuf\u00fchren. Sie sind jedoch verpflichtet, die Informationen f\u00fcr einen anderen Zweck nicht offenzulegen oder zu verwenden.<\/p>\t\t\t\t\t\t\t\t<\/div>\n\t\t\t\t<div class=\"elementor-element elementor-element-c13a77c elementor-widget elementor-widget-heading\" data-id=\"c13a77c\" data-element_type=\"widget\" data-e-type=\"widget\" data-widget_type=\"heading.default\">\n\t\t\t\t\t<h2 class=\"elementor-heading-title elementor-size-default\">Sicherheit<\/h2>\t\t\t\t<\/div>\n\t\t\t\t<div class=\"elementor-element elementor-element-bb33c58 elementor-widget elementor-widget-text-editor\" data-id=\"bb33c58\" data-element_type=\"widget\" data-e-type=\"widget\" data-widget_type=\"text-editor.default\">\n\t\t\t\t\t\t\t\t\t<p>Wir sch\u00e4tzen Ihr Vertrauen in die Bereitstellung Ihrer pers\u00f6nlichen Daten. Daher bem\u00fchen wir uns, wirtschaftlich akzeptable Mittel zum Schutz zu verwenden. Denken Sie jedoch daran, dass keine \u00dcbertragungsmethode \u00fcber das Internet oder die Methode der elektronischen Speicherung zu 100% sicher und zuverl\u00e4ssig ist, und wir k\u00f6nnen seine absolute Sicherheit nicht garantieren. Es ist auch Ihre Rolle, auch Ihre Daten zu sichern und Ihre pers\u00f6nlichen Daten nicht \u00fcber das \u00f6ffentliche WLAN zu \u00fcbermitteln.<\/p>\t\t\t\t\t\t\t\t<\/div>\n\t\t\t\t<div class=\"elementor-element elementor-element-726ac01 elementor-widget elementor-widget-heading\" data-id=\"726ac01\" data-element_type=\"widget\" data-e-type=\"widget\" data-widget_type=\"heading.default\">\n\t\t\t\t\t<h2 class=\"elementor-heading-title elementor-size-default\">Privatsph\u00e4re der Kinder<\/h2>\t\t\t\t<\/div>\n\t\t\t\t<div class=\"elementor-element elementor-element-4526d71 elementor-widget elementor-widget-text-editor\" data-id=\"4526d71\" data-element_type=\"widget\" data-e-type=\"widget\" data-widget_type=\"text-editor.default\">\n\t\t\t\t\t\t\t\t\t<p>Unsere Dienste befassen sich mit niemandem unter 13 Jahren. Wir sammeln nicht wissentlich pers\u00f6nliche identifizierbare Informationen von Kindern unter 13 Jahren. In dem Fall, dass ein Kind unter 13 Jahren pers\u00f6nliche Informationen zur Verf\u00fcgung gestellt hat, l\u00f6schen wir dies sofort von unseren Servern. Wenn Sie Eltern oder Erziehungsberechtigter sind und sich bewusst sind, dass Ihr Kind uns pers\u00f6nliche Daten zur Verf\u00fcgung gestellt hat, kontaktieren Sie uns bitte, damit wir die erforderlichen Ma\u00dfnahmen ausf\u00fchren k\u00f6nnen.<\/p>\t\t\t\t\t\t\t\t<\/div>\n\t\t\t\t<div class=\"elementor-element elementor-element-5747c0c elementor-widget elementor-widget-heading\" data-id=\"5747c0c\" data-element_type=\"widget\" data-e-type=\"widget\" data-widget_type=\"heading.default\">\n\t\t\t\t\t<h2 class=\"elementor-heading-title elementor-size-default\">\u00c4nderungen an dieser Datenschutzrichtlinie<\/h2>\t\t\t\t<\/div>\n\t\t\t\t<div class=\"elementor-element elementor-element-f2a363c elementor-widget elementor-widget-text-editor\" data-id=\"f2a363c\" data-element_type=\"widget\" data-e-type=\"widget\" data-widget_type=\"text-editor.default\">\n\t\t\t\t\t\t\t\t\t<p>Wir k\u00f6nnen unsere Datenschutzbestimmungen von Zeit zu Zeit aktualisieren. Wir empfehlen Ihnen daher, diese Seite regelm\u00e4\u00dfig auf \u00c4nderungen zu \u00fcberpr\u00fcfen. Wir werden Sie \u00fcber \u00c4nderungen informieren, indem wir die neuen Datenschutzrichtlinien auf dieser Seite ver\u00f6ffentlichen. Diese \u00c4nderungen sind sofort wirksam, nachdem sie auf dieser Seite ver\u00f6ffentlicht wurden.<\/p>\t\t\t\t\t\t\t\t<\/div>\n\t\t\t\t<div class=\"elementor-element elementor-element-379f1f2 elementor-widget elementor-widget-heading\" data-id=\"379f1f2\" data-element_type=\"widget\" data-e-type=\"widget\" data-widget_type=\"heading.default\">\n\t\t\t\t\t<h2 class=\"elementor-heading-title elementor-size-default\">Kontaktieren Sie uns<\/h2>\t\t\t\t<\/div>\n\t\t\t\t<div class=\"elementor-element elementor-element-3486f3e elementor-widget elementor-widget-text-editor\" data-id=\"3486f3e\" data-element_type=\"widget\" data-e-type=\"widget\" data-widget_type=\"text-editor.default\">\n\t\t\t\t\t\t\t\t\t<p>Wenn Sie Fragen oder Anregungen zu unserer Datenschutzrichtlinie haben, z\u00f6gern Sie nicht, uns unter <a style=\"color: #addaff;\" href=\"mailto:support@bitcoin-future.bid\">support@bitcoin-future.bid<\/a><\/p>\t\t\t\t\t\t\t\t<\/div>\n\t\t\t\t\t<\/div>\n\t\t\t\t<\/div>\n\t\t\t\t<\/div>\n\t\t\t\t<\/div>","protected":false},"excerpt":{"rendered":"<p>PRIVACY POLICY Bitcoin Future operates the https:\/\/bitcoin-future.bid\/ website, which provides the SERVICE. This page is used to inform website visitors regarding our policies with the collection, use, and disclosure of Personal Information if anyone decided to use our Service, the Bitcoin Future website. If you choose to use our Service, then you agree to the [&hellip;]<\/p>\n","protected":false},"author":1,"featured_media":0,"parent":0,"menu_order":0,"comment_status":"closed","ping_status":"closed","template":"elementor_header_footer","meta":{"footnotes":""},"class_list":["post-48","page","type-page","status-publish","hentry"],"_links":{"self":[{"href":"https:\/\/bitcoin-future.bid\/de\/wp-json\/wp\/v2\/pages\/48","targetHints":{"allow":["GET"]}}],"collection":[{"href":"https:\/\/bitcoin-future.bid\/de\/wp-json\/wp\/v2\/pages"}],"about":[{"href":"https:\/\/bitcoin-future.bid\/de\/wp-json\/wp\/v2\/types\/page"}],"author":[{"embeddable":true,"href":"https:\/\/bitcoin-future.bid\/de\/wp-json\/wp\/v2\/users\/1"}],"replies":[{"embeddable":true,"href":"https:\/\/bitcoin-future.bid\/de\/wp-json\/wp\/v2\/comments?post=48"}],"version-history":[{"count":0,"href":"https:\/\/bitcoin-future.bid\/de\/wp-json\/wp\/v2\/pages\/48\/revisions"}],"wp:attachment":[{"href":"https:\/\/bitcoin-future.bid\/de\/wp-json\/wp\/v2\/media?parent=48"}],"curies":[{"name":"wp","href":"https:\/\/api.w.org\/{rel}","templated":true}]}}