{"id":50,"date":"2023-10-04T12:02:04","date_gmt":"2023-10-04T12:02:04","guid":{"rendered":"https:\/\/bitcoin-future.bid\/?page_id=50"},"modified":"2025-12-15T11:27:12","modified_gmt":"2025-12-15T11:27:12","slug":"bedingungen-2","status":"publish","type":"page","link":"https:\/\/bitcoin-future.bid\/de\/terms-conditions\/","title":{"rendered":"Term &amp; Bedingungen"},"content":{"rendered":"<div data-elementor-type=\"wp-page\" data-elementor-id=\"50\" class=\"elementor elementor-50\" data-elementor-post-type=\"page\">\n\t\t\t\t<div class=\"elementor-element elementor-element-b6fbe0f e-con-full e-flex e-con e-child\" data-id=\"b6fbe0f\" data-element_type=\"container\" data-e-type=\"container\" data-settings=\"{&quot;background_background&quot;:&quot;classic&quot;}\">\n\t\t<div class=\"elementor-element elementor-element-c4858c9 e-flex e-con-boxed e-con e-child\" data-id=\"c4858c9\" data-element_type=\"container\" data-e-type=\"container\">\n\t\t\t\t\t<div class=\"e-con-inner\">\n\t\t\t\t<div class=\"elementor-element elementor-element-8da577a elementor-widget elementor-widget-heading\" data-id=\"8da577a\" data-element_type=\"widget\" data-e-type=\"widget\" data-widget_type=\"heading.default\">\n\t\t\t\t\t<h1 class=\"elementor-heading-title elementor-size-default\">GESCH\u00c4FTSBEDINGUNGEN<\/h1>\t\t\t\t<\/div>\n\t\t\t\t<div class=\"elementor-element elementor-element-8e0dd56 elementor-widget elementor-widget-heading\" data-id=\"8e0dd56\" data-element_type=\"widget\" data-e-type=\"widget\" data-widget_type=\"heading.default\">\n\t\t\t\t\t<h2 class=\"elementor-heading-title elementor-size-default\">Einf\u00fchrung<\/h2>\t\t\t\t<\/div>\n\t\t\t\t<div class=\"elementor-element elementor-element-780fe6f elementor-widget elementor-widget-text-editor\" data-id=\"780fe6f\" data-element_type=\"widget\" data-e-type=\"widget\" data-widget_type=\"text-editor.default\">\n\t\t\t\t\t\t\t\t\t<p>Diese auf dieser Webseite aufgef\u00fchrten Website-Standardbedingungen regeln Ihre Nutzung unserer Website. <strong>Bitcoin Future<\/strong> erreichbar unter <a style=\"color: #d1efff;\" href=\"https:\/\/bitcoin-future.bid\/de\/\">https:\/\/bitcoin-future.bid.<\/a><\/p><p>Diese Begriffe werden vollst\u00e4ndig angewendet und beeinflussen Ihre Nutzung dieser Website. Durch die Nutzung dieser Website haben Sie sich bereit erkl\u00e4rt, alle hier verfassten Bedingungen zu akzeptieren. Sie d\u00fcrfen diese Website nicht nutzen, wenn Sie mit einer dieser Website -Standardbedingungen nicht einverstanden sind.<\/p>\t\t\t\t\t\t\t\t<\/div>\n\t\t\t\t<div class=\"elementor-element elementor-element-ba628e9 elementor-widget elementor-widget-heading\" data-id=\"ba628e9\" data-element_type=\"widget\" data-e-type=\"widget\" data-widget_type=\"heading.default\">\n\t\t\t\t\t<h2 class=\"elementor-heading-title elementor-size-default\">Rechte an geistigem Eigentum<\/h2>\t\t\t\t<\/div>\n\t\t\t\t<div class=\"elementor-element elementor-element-8b89869 elementor-widget elementor-widget-text-editor\" data-id=\"8b89869\" data-element_type=\"widget\" data-e-type=\"widget\" data-widget_type=\"text-editor.default\">\n\t\t\t\t\t\t\t\t\t<p>Abgesehen von den Inhalten, die Ihnen gem\u00e4\u00df diesen Bedingungen geh\u00f6ren, <strong>Bitcoin Future<\/strong> und\/oder seine Lizenzgeber besitzen alle geistigen Eigentumsrechte und Materialien, die auf dieser Website enthalten sind.<\/p><p>Der Zugriff ist ausschlie\u00dflich zum Zwecke der Einsichtnahme in die auf dieser Website enthaltenen Materialien, insbesondere zur Nutzung der Software\/Anwendung, gestattet. <strong>Bitcoin Future<\/strong> erreichbar unter <a style=\"color: #d1efff;\" href=\"https:\/\/bitcoin-future.bid\/de\/\">https:\/\/bitcoin-future.bid\/<\/a>.<\/p>\t\t\t\t\t\t\t\t<\/div>\n\t\t\t\t<div class=\"elementor-element elementor-element-2009006 elementor-widget elementor-widget-heading\" data-id=\"2009006\" data-element_type=\"widget\" data-e-type=\"widget\" data-widget_type=\"heading.default\">\n\t\t\t\t\t<h2 class=\"elementor-heading-title elementor-size-default\">Einschr\u00e4nkungen<\/h2>\t\t\t\t<\/div>\n\t\t\t\t<div class=\"elementor-element elementor-element-b048f4b elementor-widget elementor-widget-text-editor\" data-id=\"b048f4b\" data-element_type=\"widget\" data-e-type=\"widget\" data-widget_type=\"text-editor.default\">\n\t\t\t\t\t\t\t\t\t<p>Sie sind ausdr\u00fccklich von allen folgenden folgenden beschr\u00e4nkt:<\/p><ul><li>Ver\u00f6ffentlichung eines Website -Materials in anderen Medien;<\/li><li>Verkauf, Unterlizenz und\/oder anderweitig kommerzialisiertes Website -Material;<\/li><li>\u00f6ffentlich durchf\u00fchren und\/oder auf Website -Material;<\/li><li>Verwenden dieser Website in irgendeiner Weise, die f\u00fcr diese Website sch\u00e4dlich ist oder m\u00f6glicherweise sch\u00e4dlich ist;<\/li><li>Nutzung dieser Website auf eine Weise, die den Benutzerzugriff auf diese Website auswirkt;<\/li><li>Die Nutzung dieser Website im Gegensatz zu den geltenden Gesetzen und Vorschriften oder in irgendeiner Weise kann der Website oder einer Person oder einer Gesch\u00e4ftsstelle Schaden zuf\u00fcgen.<\/li><li>In Bezug auf Data Mining, Datenernte, Datenextraktion oder \u00e4hnliche Aktivit\u00e4ten in Bezug auf diese Website;<\/li><\/ul><p>Bestimmte Bereiche dieser Website sind f\u00fcr Sie nicht zug\u00e4nglich und <strong>Bitcoin Future<\/strong> kann Ihren Zugriff auf alle Bereiche dieser Website jederzeit nach eigenem Ermessen weiter einschr\u00e4nken. Ihre Benutzerkennung, E-Mail-Adresse und Ihr Passwort f\u00fcr diese Website sind vertraulich und m\u00fcssen von Ihnen ebenfalls vertraulich behandelt werden.<\/p>\t\t\t\t\t\t\t\t<\/div>\n\t\t\t\t<div class=\"elementor-element elementor-element-b387064 elementor-widget elementor-widget-heading\" data-id=\"b387064\" data-element_type=\"widget\" data-e-type=\"widget\" data-widget_type=\"heading.default\">\n\t\t\t\t\t<h2 class=\"elementor-heading-title elementor-size-default\">Ihr Inhalt<\/h2>\t\t\t\t<\/div>\n\t\t\t\t<div class=\"elementor-element elementor-element-8674ad0 elementor-widget elementor-widget-text-editor\" data-id=\"8674ad0\" data-element_type=\"widget\" data-e-type=\"widget\" data-widget_type=\"text-editor.default\">\n\t\t\t\t\t\t\t\t\t<p>In diesen Allgemeinen Gesch\u00e4ftsbedingungen der Website bezeichnet \u201eIhre Inhalte\u201c Ihre Kontodaten mit <strong>Bitcoin Future<\/strong>, \u201eIhre Inhalte TP\u201c bezeichnet Ihre Konten bei den Drittpartnern, die mit <strong>Bitcoin Future<\/strong>.<\/p><p>Durch die Registrierung auf <strong>Bitcoin Future<\/strong> Mit \u201eIhrem Inhalt\u201c gew\u00e4hren Sie <strong>Bitcoin Future<\/strong> Zugriff auf \u201eIhre Inhalte\u201c, gew\u00e4hren Sie <strong>Bitcoin Future<\/strong> Kopie\/\u00dcbertragung \u201eIhrer Inhalte\u201c an einen der Drittpartner.<\/p><p>Durch Ihre Aktivit\u00e4t auf <strong>Bitcoin Future<\/strong>, Sie gew\u00e4hren <strong>Bitcoin Future<\/strong> Zugriff auf \u201eIhren Inhalt TP\u201c erhalten Sie von Bitcoin Future, indem Sie es auffordern\/autorisieren, Ihren \u201eIhren Inhalt TP\u201c zu reproduzieren\/auf Grundlage Ihres \u201eIhren Inhalts TP\u201c zu handeln.<\/p><p><strong>Bitcoin Future<\/strong> wird von Natur aus jederzeit Zugriff auf \u201eIhre Inhalte\u201c gew\u00e4hrt, w\u00e4hrend der Zugriff auf \u201eIhre Inhalte TP\u201c nur von Ihnen gew\u00e4hrt wird, wenn Sie verbunden sind mit <strong>Bitcoin Future<\/strong> at <a style=\"color: #d1efff;\" href=\"https:\/\/bitcoin-future.bid\/de\/\">https:\/\/bitcoin-future.bid\/<\/a><\/p><p>\u201eIhre Inhalte\u201c k\u00f6nnen jederzeit entfernt werden \u00fcber <strong>Bitcoin Future<\/strong> Schnittstelle. \u201eIhre Inhalte TP\u201c k\u00f6nnen \u00fcber die jeweilige Website des Drittanbieterpartners entfernt werden. <strong>Bitcoin Future<\/strong> beh\u00e4lt sich das Recht vor, Ihre Inhalte jederzeit und ohne Vorank\u00fcndigung zu entfernen.<\/p>\t\t\t\t\t\t\t\t<\/div>\n\t\t\t\t<div class=\"elementor-element elementor-element-edc7e5b elementor-widget elementor-widget-heading\" data-id=\"edc7e5b\" data-element_type=\"widget\" data-e-type=\"widget\" data-widget_type=\"heading.default\">\n\t\t\t\t\t<h2 class=\"elementor-heading-title elementor-size-default\">Keine Garantien<\/h2>\t\t\t\t<\/div>\n\t\t\t\t<div class=\"elementor-element elementor-element-aa131d8 elementor-widget elementor-widget-text-editor\" data-id=\"aa131d8\" data-element_type=\"widget\" data-e-type=\"widget\" data-widget_type=\"text-editor.default\">\n\t\t\t\t\t\t\t\t\t<p>Diese Website wird \u201ewie besehen\u201c mit allen Fehlern bereitgestellt und <strong>Bitcoin Future<\/strong> Wir geben keinerlei Zusicherungen oder Gew\u00e4hrleistungen in Bezug auf diese Website oder die auf dieser Website enthaltenen Materialien ab. Dar\u00fcber hinaus darf der Inhalt dieser Website nicht als Beratung f\u00fcr Sie ausgelegt werden.<\/p>\t\t\t\t\t\t\t\t<\/div>\n\t\t\t\t<div class=\"elementor-element elementor-element-6109304 elementor-widget elementor-widget-heading\" data-id=\"6109304\" data-element_type=\"widget\" data-e-type=\"widget\" data-widget_type=\"heading.default\">\n\t\t\t\t\t<h2 class=\"elementor-heading-title elementor-size-default\">Haftungsbeschr\u00e4nkung<\/h2>\t\t\t\t<\/div>\n\t\t\t\t<div class=\"elementor-element elementor-element-23d433d elementor-widget elementor-widget-text-editor\" data-id=\"23d433d\" data-element_type=\"widget\" data-e-type=\"widget\" data-widget_type=\"text-editor.default\">\n\t\t\t\t\t\t\t\t\t<p>In keinem Fall<strong> Bitcoin Future<\/strong>, noch einer seiner leitenden Angestellten, Direktoren oder Mitarbeiter, haftet f\u00fcr irgendetwas, das sich aus Ihrer Nutzung dieser Website ergibt oder in irgendeiner Weise damit zusammenh\u00e4ngt, unabh\u00e4ngig davon, ob eine solche Haftung vertraglich geregelt ist. <strong>Bitcoin Future<\/strong>, einschlie\u00dflich seiner leitenden Angestellten, Direktoren und Mitarbeiter, haftet nicht f\u00fcr indirekte, Folge- oder besondere Haftungen, die sich aus Ihrer Nutzung dieser Website ergeben oder in irgendeiner Weise damit zusammenh\u00e4ngen.<\/p>\t\t\t\t\t\t\t\t<\/div>\n\t\t\t\t<div class=\"elementor-element elementor-element-50b2ca2 elementor-widget elementor-widget-heading\" data-id=\"50b2ca2\" data-element_type=\"widget\" data-e-type=\"widget\" data-widget_type=\"heading.default\">\n\t\t\t\t\t<h2 class=\"elementor-heading-title elementor-size-default\">Entsch\u00e4digung<\/h2>\t\t\t\t<\/div>\n\t\t\t\t<div class=\"elementor-element elementor-element-1395dec elementor-widget elementor-widget-text-editor\" data-id=\"1395dec\" data-element_type=\"widget\" data-e-type=\"widget\" data-widget_type=\"text-editor.default\">\n\t\t\t\t\t\t\t\t\t<p>Sie entsch\u00e4digen hiermit im vollen Umfang <strong>Bitcoin Future<\/strong> Sie entsch\u00e4digen hiermit in vollem Umfang die Bitcoin -Zukunft von und gegen alle Verbindlichkeiten, Kosten, Anforderungen, Ma\u00dfnahmen, Ma\u00dfnahmen, Sch\u00e4den und Ausgaben, die in irgendeiner Weise im Zusammenhang mit Ihrem Versto\u00df gegen die Bestimmungen dieser Bedingungen entstehen.<\/p>\t\t\t\t\t\t\t\t<\/div>\n\t\t\t\t<div class=\"elementor-element elementor-element-7864a47 elementor-widget elementor-widget-heading\" data-id=\"7864a47\" data-element_type=\"widget\" data-e-type=\"widget\" data-widget_type=\"heading.default\">\n\t\t\t\t\t<h2 class=\"elementor-heading-title elementor-size-default\">Trennbarkeit<\/h2>\t\t\t\t<\/div>\n\t\t\t\t<div class=\"elementor-element elementor-element-7411403 elementor-widget elementor-widget-text-editor\" data-id=\"7411403\" data-element_type=\"widget\" data-e-type=\"widget\" data-widget_type=\"text-editor.default\">\n\t\t\t\t\t\t\t\t\t<p>Wenn eine Bestimmung dieser Bedingungen nach geltendem Recht als ung\u00fcltig ist, werden diese Bestimmungen gel\u00f6scht, ohne die verbleibenden Bestimmungen hierin zu beeintr\u00e4chtigen.<\/p>\t\t\t\t\t\t\t\t<\/div>\n\t\t\t\t<div class=\"elementor-element elementor-element-dbf4cfa elementor-widget elementor-widget-heading\" data-id=\"dbf4cfa\" data-element_type=\"widget\" data-e-type=\"widget\" data-widget_type=\"heading.default\">\n\t\t\t\t\t<h2 class=\"elementor-heading-title elementor-size-default\">Variation der Begriffe<\/h2>\t\t\t\t<\/div>\n\t\t\t\t<div class=\"elementor-element elementor-element-b2c0363 elementor-widget elementor-widget-text-editor\" data-id=\"b2c0363\" data-element_type=\"widget\" data-e-type=\"widget\" data-widget_type=\"text-editor.default\">\n\t\t\t\t\t\t\t\t\t<p><strong>Bitcoin Future<\/strong> ist berechtigt, diese Bedingungen jederzeit nach eigenem Ermessen zu \u00fcberarbeiten, und durch die Nutzung dieser Website wird von Ihnen erwartet, dass Sie diese Bedingungen regelm\u00e4\u00dfig \u00fcberpr\u00fcfen.<\/p>\t\t\t\t\t\t\t\t<\/div>\n\t\t\t\t<div class=\"elementor-element elementor-element-3f28c0a elementor-widget elementor-widget-heading\" data-id=\"3f28c0a\" data-element_type=\"widget\" data-e-type=\"widget\" data-widget_type=\"heading.default\">\n\t\t\t\t\t<h2 class=\"elementor-heading-title elementor-size-default\">Abtretung<\/h2>\t\t\t\t<\/div>\n\t\t\t\t<div class=\"elementor-element elementor-element-fd7c10e elementor-widget elementor-widget-text-editor\" data-id=\"fd7c10e\" data-element_type=\"widget\" data-e-type=\"widget\" data-widget_type=\"text-editor.default\">\n\t\t\t\t\t\t\t\t\t<p>The <strong>Bitcoin Future<\/strong> Die Bitcoin -Zukunft darf ohne Benachrichtigung ihre Rechte und\/oder Verpflichtungen unter diesen Bedingungen \u00fcbertragen, \u00fcbertragen und unterhalten. Sie d\u00fcrfen jedoch keine Ihrer Rechte und\/oder Verpflichtungen gem\u00e4\u00df diesen Bedingungen \u00fcbertragen, \u00fcbertragen oder unterhalten.<\/p>\t\t\t\t\t\t\t\t<\/div>\n\t\t\t\t<div class=\"elementor-element elementor-element-e324c84 elementor-widget elementor-widget-heading\" data-id=\"e324c84\" data-element_type=\"widget\" data-e-type=\"widget\" data-widget_type=\"heading.default\">\n\t\t\t\t\t<h2 class=\"elementor-heading-title elementor-size-default\">Gesamte Vereinbarung<\/h2>\t\t\t\t<\/div>\n\t\t\t\t<div class=\"elementor-element elementor-element-67b77af elementor-widget elementor-widget-text-editor\" data-id=\"67b77af\" data-element_type=\"widget\" data-e-type=\"widget\" data-widget_type=\"text-editor.default\">\n\t\t\t\t\t\t\t\t\t<p>Diese Bedingungen stellen die gesamte Vereinbarung zwischen <strong>Bitcoin Future<\/strong> Diese Begriffe stellen die gesamte Vereinbarung zwischen Bitcoin Future und Ihnen in Bezug auf Ihre Nutzung dieser Website aus und ersetzen alle fr\u00fcheren Vereinbarungen und Verst\u00e4ndnisse.<\/p>\t\t\t\t\t\t\t\t<\/div>\n\t\t\t\t<div class=\"elementor-element elementor-element-515af3a elementor-widget elementor-widget-heading\" data-id=\"515af3a\" data-element_type=\"widget\" data-e-type=\"widget\" data-widget_type=\"heading.default\">\n\t\t\t\t\t<h2 class=\"elementor-heading-title elementor-size-default\">Eingeschr\u00e4nkte L\u00e4nder<\/h2>\t\t\t\t<\/div>\n\t\t\t\t<div class=\"elementor-element elementor-element-4c646cf elementor-widget elementor-widget-text-editor\" data-id=\"4c646cf\" data-element_type=\"widget\" data-e-type=\"widget\" data-widget_type=\"text-editor.default\">\n\t\t\t\t\t\t\t\t\t<p><strong>Bitcoin Future<\/strong> Bitcoin Future Access ist auf Bewohner dieser L\u00e4nder beschr\u00e4nkt: Afghanistan, Algerien, Belgien, Chad, Frankreich, Iran, Irak, Israel, Korea, Libyen, Mali, Marokko, Pal\u00e4stina, Syrien, Tunesien, USA, Jemen, Jemen<\/p>\t\t\t\t\t\t\t\t<\/div>\n\t\t\t\t<div class=\"elementor-element elementor-element-a3ba157 elementor-widget elementor-widget-heading\" data-id=\"a3ba157\" data-element_type=\"widget\" data-e-type=\"widget\" data-widget_type=\"heading.default\">\n\t\t\t\t\t<h2 class=\"elementor-heading-title elementor-size-default\">Regierungsrecht und Gerichtsbarkeit\n<\/h2>\t\t\t\t<\/div>\n\t\t\t\t<div class=\"elementor-element elementor-element-5191e57 elementor-widget elementor-widget-text-editor\" data-id=\"5191e57\" data-element_type=\"widget\" data-e-type=\"widget\" data-widget_type=\"text-editor.default\">\n\t\t\t\t\t\t\t\t\t<p>Diese Bedingungen unterliegen und werden in \u00dcbereinstimmung mit dem Gesetz ausgelegt, und Sie unterwerfen sich der nicht ausschlie\u00dflichen Zust\u00e4ndigkeit der in Ihrem Land befindlichen Bundes- und Bundesgerichte f\u00fcr die Beschlie\u00dfung von Streitigkeiten.<\/p>\t\t\t\t\t\t\t\t<\/div>\n\t\t\t\t\t<\/div>\n\t\t\t\t<\/div>\n\t\t\t\t<\/div>\n\t\t\t\t<\/div>","protected":false},"excerpt":{"rendered":"<p>TERMS AND CONDITIONS Introduction These Website Standard Terms and Conditions written on this webpage shall manage your use of our website, Bitcoin Future accessible at https:\/\/bitcoin-future.bid. These Terms will be applied fully and affect to your use of this Website. By using this Website, you agreed to accept all terms and conditions written in here. [&hellip;]<\/p>\n","protected":false},"author":1,"featured_media":0,"parent":0,"menu_order":0,"comment_status":"closed","ping_status":"closed","template":"elementor_header_footer","meta":{"footnotes":""},"class_list":["post-50","page","type-page","status-publish","hentry"],"_links":{"self":[{"href":"https:\/\/bitcoin-future.bid\/de\/wp-json\/wp\/v2\/pages\/50","targetHints":{"allow":["GET"]}}],"collection":[{"href":"https:\/\/bitcoin-future.bid\/de\/wp-json\/wp\/v2\/pages"}],"about":[{"href":"https:\/\/bitcoin-future.bid\/de\/wp-json\/wp\/v2\/types\/page"}],"author":[{"embeddable":true,"href":"https:\/\/bitcoin-future.bid\/de\/wp-json\/wp\/v2\/users\/1"}],"replies":[{"embeddable":true,"href":"https:\/\/bitcoin-future.bid\/de\/wp-json\/wp\/v2\/comments?post=50"}],"version-history":[{"count":0,"href":"https:\/\/bitcoin-future.bid\/de\/wp-json\/wp\/v2\/pages\/50\/revisions"}],"wp:attachment":[{"href":"https:\/\/bitcoin-future.bid\/de\/wp-json\/wp\/v2\/media?parent=50"}],"curies":[{"name":"wp","href":"https:\/\/api.w.org\/{rel}","templated":true}]}}